{"id":449,"date":"2015-02-07T14:30:58","date_gmt":"2015-02-07T14:30:58","guid":{"rendered":"http:\/\/rectusnyomda.hu\/?page_id=449"},"modified":"2015-02-09T20:56:47","modified_gmt":"2015-02-09T20:56:47","slug":"termekeink-2","status":"publish","type":"page","link":"https:\/\/rectusnyomda.hu\/?page_id=449","title":{"rendered":"Term\u00e9keink"},"content":{"rendered":"<div    class=\"vc_row wpb_row section vc_row-fluid\" style='background-color:#262626; padding-top:50px; padding-bottom:50px; text-align:left;'><div class=\" full_section_inner clearfix\">\n\t<div class=\"vc_col-sm-12 wpb_column vc_column_container\">\n\t\t<div class=\"wpb_wrapper\">\n\t\t\t<div    class=\"vc_row wpb_row section vc_inner vc_row-fluid\" style=' text-align:left;'><div class=\" full_section_inner clearfix\">\n\t<div class=\"vc_col-sm-12 wpb_column vc_column_container\">\n\t\t<div class=\"wpb_wrapper\">\n\t\t\t\n\t<div class=\"wpb_text_column wpb_content_element \">\n\t\t<div class=\"wpb_wrapper\">\n\t\t\t<h2 style=\"text-align: center;\"><span style=\"color: #ffffff;\">TERM\u00c9KEINK<\/span><\/h2>\n\n\t\t<\/div> \n\t<\/div> \n\t\t<\/div> \n\t<\/div> \n<\/div><\/div>\n\t\t<\/div> \n\t<\/div> \n<\/div><\/div><div    class=\"vc_row wpb_row section vc_row-fluid\" style=' padding-top:100px; padding-bottom:150px; text-align:left;'><div class=\" full_section_inner clearfix\">\n\t<div class=\"vc_col-sm-12 wpb_column vc_column_container\">\n\t\t<div class=\"wpb_wrapper\">\n\t\t\t<div    class=\"vc_row wpb_row section vc_inner vc_row-fluid grid_section\" style=' text-align:left;'><div class=\" section_inner clearfix\"><div class='section_inner_margin clearfix'>\n\t<div class=\"vc_col-sm-6 wpb_column vc_column_container\">\n\t\t<div class=\"wpb_wrapper\">\n\t\t\t\n\t<div class=\"wpb_text_column wpb_content_element \">\n\t\t<div class=\"wpb_wrapper\">\n\t\t\t<h2><span style=\"color: #000000;\">Arculati anyagok:<\/span><\/h2>\n<p>&#8211; n\u00e9vjegyk\u00e1rty\u00e1k, lev\u00e9lpap\u00edrok, bor\u00edt\u00e9kok<\/p>\n<p>&#8211; \u00fcgyviteli nyomtatv\u00e1nyok, \u00e1rlist\u00e1k, jegyzett\u00f6mb\u00f6k<\/p>\n<p>&#8211; \u00e9ves jelent\u00e9sek<\/p>\n<p>&#8211; dosszi\u00e9k<\/p>\n<p>&nbsp;<\/p>\n<h2><span style=\"color: #000000;\">Rekl\u00e1mkiadv\u00e1nyok:<\/span><\/h2>\n<p>&#8211; sz\u00f3r\u00f3lapok, prospektusok, katal\u00f3gusok<\/p>\n<p>&#8211; plak\u00e1tok, spedit\u0151r-, asztali \u00e9s falinapt\u00e1rak<\/p>\n<p>&#8211; megh\u00edv\u00f3k, POS anyagok<\/p>\n<p>&#8211; \u00e9tlapok, itallapok, meg\u00e1ll\u00edt\u00f3t\u00e1bl\u00e1k<\/p>\n<p>&nbsp;<\/p>\n<h2><span style=\"color: #000000;\">K\u00f6nyvek:<\/span><\/h2>\n<p>&#8211; ragaszt\u00f3k\u00f6t\u00f6tt<\/p>\n<p>&#8211; kem\u00e9nyt\u00e1bl\u00e1s<\/p>\n<p>&nbsp;<\/p>\n<h2><span style=\"color: #000000;\">Csomagol\u00e1s:<\/span><\/h2>\n<p>&#8211; \u00f6ntapad\u00f3s cimk\u00e9k, term\u00e9kle\u00edr\u00e1sok<\/p>\n<p>&#8211; CD, DVD bor\u00edt\u00f3k \u00e9s tokok<\/p>\n<p>&#8211; term\u00e9kcsomagol\u00f3 dobozok<\/p>\n\n\t\t<\/div> \n\t<\/div> \n\t\t<\/div> \n\t<\/div> \n\n\t<div class=\"vc_col-sm-6 wpb_column vc_column_container\">\n\t\t<div class=\"wpb_wrapper\">\n\t\t\t\n\t<div class=\"wpb_text_column wpb_content_element \">\n\t\t<div class=\"wpb_wrapper\">\n\t\t\t<h1>Na ide kellene egy szuper fot\u00f3,<\/h1>\n\n\t\t<\/div> \n\t<\/div> \n\t\t<\/div> \n\t<\/div> \n<\/div><\/div><\/div>\n\t\t<\/div> \n\t<\/div> \n<\/div><\/div>\n","protected":false},"excerpt":{"rendered":"TERM\u00c9KEINK Arculati anyagok: - n\u00e9vjegyk\u00e1rty\u00e1k, lev\u00e9lpap\u00edrok, bor\u00edt\u00e9kok - \u00fcgyviteli nyomtatv\u00e1nyok, \u00e1rlist\u00e1k, jegyzett\u00f6mb\u00f6k - \u00e9ves jelent\u00e9sek - dosszi\u00e9k &nbsp; Rekl\u00e1mkiadv\u00e1nyok: - sz\u00f3r\u00f3lapok, prospektusok, katal\u00f3gusok - plak\u00e1tok, spedit\u0151r-, asztali \u00e9s falinapt\u00e1rak - megh\u00edv\u00f3k, POS anyagok - \u00e9tlapok, itallapok, meg\u00e1ll\u00edt\u00f3t\u00e1bl\u00e1k &nbsp; K\u00f6nyvek: - ragaszt\u00f3k\u00f6t\u00f6tt - kem\u00e9nyt\u00e1bl\u00e1s &nbsp; Csomagol\u00e1s:...","protected":false},"author":1,"featured_media":0,"parent":0,"menu_order":0,"comment_status":"open","ping_status":"open","template":"full_width.php","meta":{"footnotes":""},"class_list":["post-449","page","type-page","status-publish","hentry"],"_links":{"self":[{"href":"https:\/\/rectusnyomda.hu\/index.php?rest_route=\/wp\/v2\/pages\/449","targetHints":{"allow":["GET"]}}],"collection":[{"href":"https:\/\/rectusnyomda.hu\/index.php?rest_route=\/wp\/v2\/pages"}],"about":[{"href":"https:\/\/rectusnyomda.hu\/index.php?rest_route=\/wp\/v2\/types\/page"}],"author":[{"embeddable":true,"href":"https:\/\/rectusnyomda.hu\/index.php?rest_route=\/wp\/v2\/users\/1"}],"replies":[{"embeddable":true,"href":"https:\/\/rectusnyomda.hu\/index.php?rest_route=%2Fwp%2Fv2%2Fcomments&post=449"}],"version-history":[{"count":13,"href":"https:\/\/rectusnyomda.hu\/index.php?rest_route=\/wp\/v2\/pages\/449\/revisions"}],"predecessor-version":[{"id":498,"href":"https:\/\/rectusnyomda.hu\/index.php?rest_route=\/wp\/v2\/pages\/449\/revisions\/498"}],"wp:attachment":[{"href":"https:\/\/rectusnyomda.hu\/index.php?rest_route=%2Fwp%2Fv2%2Fmedia&parent=449"}],"curies":[{"name":"wp","href":"https:\/\/api.w.org\/{rel}","templated":true}]}}