{"id":63,"date":"2015-01-27T20:36:43","date_gmt":"2015-01-27T20:36:43","guid":{"rendered":"http:\/\/rectusnyomda.hu\/?page_id=63"},"modified":"2015-02-17T07:44:21","modified_gmt":"2015-02-17T07:44:21","slug":"magunkrol","status":"publish","type":"page","link":"https:\/\/rectusnyomda.hu\/?page_id=63","title":{"rendered":"Magunkr\u00f3l"},"content":{"rendered":"<div    class=\"vc_row wpb_row section vc_row-fluid\" style='background-color:#262626; padding-top:50px; padding-bottom:50px; text-align:left;'><div class=\" full_section_inner clearfix\">\n\t<div class=\"vc_col-sm-12 wpb_column vc_column_container\">\n\t\t<div class=\"wpb_wrapper\">\n\t\t\t<div    class=\"vc_row wpb_row section vc_inner vc_row-fluid\" style=' padding-top:0px; text-align:left;'><div class=\" full_section_inner clearfix\">\n\t<div class=\"vc_col-sm-12 wpb_column vc_column_container\">\n\t\t<div class=\"wpb_wrapper\">\n\t\t\t\n\t<div class=\"wpb_text_column wpb_content_element \">\n\t\t<div class=\"wpb_wrapper\">\n\t\t\t<h2 style=\"text-align: center;\"><span style=\"color: #ffffff;\">MAGUNKR\u00d3L<\/span><\/h2>\n\n\t\t<\/div> \n\t<\/div> \n\t\t<\/div> \n\t<\/div> \n<\/div><\/div>\n\t\t<\/div> \n\t<\/div> \n<\/div><\/div><div    class=\"vc_row wpb_row section vc_row-fluid\" style=' text-align:left;'><div class=\" full_section_inner clearfix\">\n\t<div class=\"vc_col-sm-12 wpb_column vc_column_container\">\n\t\t<div class=\"wpb_wrapper\">\n\t\t\t<div    class=\"vc_row wpb_row section vc_inner vc_row-fluid grid_section\" style=' padding-top:50px; text-align:left;'><div class=\" section_inner clearfix\"><div class='section_inner_margin clearfix'>\n\t<div class=\"vc_col-sm-12 wpb_column vc_column_container\">\n\t\t<div class=\"wpb_wrapper\">\n\t\t\t<div class=\"vc_empty_space\"  style=\"height: 50px\" ><span class=\"vc_empty_space_inner\"><\/span><\/div>\n\n\n\t<div class=\"wpb_text_column wpb_content_element \">\n\t\t<div class=\"wpb_wrapper\">\n\t\t\t<p><span class='highlight' style='color: #0a0a0a; background-color:#dfdfdf;'>A RECTUS Nyomda 1991 \u00f3ta k\u00e9pviselteti mag\u00e1t a hazai nyomdaipari piacon. <\/span>\u00a0A csal\u00e1di v\u00e1llalkoz\u00e1sk\u00e9nt indul\u00f3 nyomda, m\u00e1ra modern g\u00e9pparkkal rendelkez\u0151, hat\u00e9kony nyomdai v\u00e1llalkoz\u00e1ss\u00e1 n\u0151tte ki mag\u00e1t, amelyet ma is az alap\u00edt\u00f3 tagok szakma ir\u00e1nti szeretete \u00e9s a min\u0151s\u00e9g ir\u00e1nti elk\u00f6telezetts\u00e9ge jellemez. \u00dczletpolitik\u00e1nk alapja, hogy komplett megold\u00e1st ny\u00fajtsunk <span class='highlight' style='color: #0a0a0a; background-color:#dfdfdf;'>Partnereinknek versenyk\u00e9pes \u00e1ron, r\u00f6vid hat\u00e1rid\u0151vel.<\/span><\/p>\n<p>&nbsp;<\/p>\n<p>Kapcsolatainkat, g\u00e9pparkunkat \u00e9s alv\u00e1llalkoz\u00f3i k\u00f6r\u00fcnket ezeknek a c\u00e9loknak megval\u00f3s\u00edt\u00e1s\u00e1hoz alak\u00edtottuk ki.<\/p>\n<p>&nbsp;<\/p>\n<p>\u00dcgyf\u00e9lk\u00f6zpont\u00fa szeml\u00e9let\u00fcnk lehet\u0151v\u00e9 teszi, hogy a kreat\u00edv tervez\u00e9st\u0151l a nyomdai kivitelez\u00e9sen kereszt\u00fcl rugalmasan \u00e9s megb\u00edzhat\u00f3 min\u0151s\u00e9gben szolg\u00e1ljuk ki \u00fcgyfeleinket.<\/p>\n\n\t\t<\/div> \n\t<\/div> \n\t\t<\/div> \n\t<\/div> \n<\/div><\/div><\/div>\n\t\t<\/div> \n\t<\/div> \n<\/div><\/div><div    class=\"vc_row wpb_row section vc_row-fluid grid_section\" style=' padding-top:100px; padding-bottom:150px; text-align:left;'><div class=\" section_inner clearfix\"><div class='section_inner_margin clearfix'>\n\t<div class=\"vc_col-sm-12 wpb_column vc_column_container\">\n\t\t<div class=\"wpb_wrapper\">\n\t\t\t<div    class=\"vc_row wpb_row section vc_inner vc_row-fluid\" style=' text-align:left;'><div class=\" full_section_inner clearfix\">\n\t<div class=\"vc_col-sm-8 wpb_column vc_column_container vc_custom_1423256349534\">\n\t\t<div class=\"wpb_wrapper\">\n\t\t\t<div class='q_progress_bar'><h3 class='progress_title_holder clearfix' style=''><span class='progress_title'><span>\u00dcgyf\u00e9l el\u00e9gedetts\u00e9g\u00fcnk<\/span><\/span><span class='progress_number' style='color: #6d6d6d;'><span>0<\/span>%<\/span><\/h3><div class='progress_content_outer' style=''><div data-percentage='99' class='progress_content' style='background-color: #ffbf26;'><\/div><\/div><\/div><div class='q_progress_bar'><h3 class='progress_title_holder clearfix' style=''><span class='progress_title'><span>Hat\u00e1rid\u0151k betart\u00e1sa<\/span><\/span><span class='progress_number' style=''><span>0<\/span>%<\/span><\/h3><div class='progress_content_outer' style=''><div data-percentage='100' class='progress_content' style='background-color: #ffbf26;'><\/div><\/div><\/div><div class='q_progress_bar'><h3 class='progress_title_holder clearfix' style=''><span class='progress_title'><span>Jelenlegi kapacit\u00e1sunk<\/span><\/span><span class='progress_number' style=''><span>0<\/span>%<\/span><\/h3><div class='progress_content_outer' style=''><div data-percentage='85' class='progress_content' style='background-color: #ffbf26;'><\/div><\/div><\/div>\n\t\t<\/div> \n\t<\/div> \n\n\t<div class=\"vc_col-sm-4 wpb_column vc_column_container\">\n\t\t<div class=\"wpb_wrapper\">\n\t\t\t\n\t<div class=\"wpb_text_column wpb_content_element \">\n\t\t<div class=\"wpb_wrapper\">\n\t\t\t<h5>B\u00e1rmilyen k\u00e9rd\u00e9s eset\u00e9n sz\u00edvesen \u00e1llunk rendelkez\u00e9s\u00e9re.<\/h5>\n<p>Keressen fel benn\u00fcnket ak\u00e1r szem\u00e9lyesen, telefonon vagy \u00edrjon nek\u00fcnk az al\u00e1bbi el\u00e9rhet\u0151s\u00e9geinkre.<\/p>\n\n\t\t<\/div> \n\t<\/div> <div class=\"vc_empty_space\"  style=\"height: 40px\" ><span class=\"vc_empty_space_inner\"><\/span><\/div>\n\n<a href=\"http:\/\/rectusnyomda.hu\/?page_id=74\" target=\"_self\"  class=\"qbutton  medium\" style=\"font-style: normal; border-radius: 4px;-moz-border-radius: 4px;-webkit-border-radius: 4px; \">kapcsolat<i class=\"fa fa-envelope\" style=\"\"><\/i><\/a>\n\t\t<\/div> \n\t<\/div> \n<\/div><\/div>\n\t\t<\/div> \n\t<\/div> \n<\/div><\/div><\/div>\n","protected":false},"excerpt":{"rendered":"MAGUNKR\u00d3L A RECTUS Nyomda 1991 \u00f3ta k\u00e9pviselteti mag\u00e1t a hazai nyomdaipari piacon. \u00a0A csal\u00e1di v\u00e1llalkoz\u00e1sk\u00e9nt indul\u00f3 nyomda, m\u00e1ra modern g\u00e9pparkkal rendelkez\u0151, hat\u00e9kony nyomdai v\u00e1llalkoz\u00e1ss\u00e1 n\u0151tte ki mag\u00e1t, amelyet ma is az alap\u00edt\u00f3 tagok szakma ir\u00e1nti szeretete \u00e9s a min\u0151s\u00e9g ir\u00e1nti elk\u00f6telezetts\u00e9ge jellemez. \u00dczletpolitik\u00e1nk alapja, hogy...","protected":false},"author":1,"featured_media":0,"parent":0,"menu_order":0,"comment_status":"open","ping_status":"open","template":"full_width.php","meta":{"footnotes":""},"class_list":["post-63","page","type-page","status-publish","hentry"],"_links":{"self":[{"href":"https:\/\/rectusnyomda.hu\/index.php?rest_route=\/wp\/v2\/pages\/63","targetHints":{"allow":["GET"]}}],"collection":[{"href":"https:\/\/rectusnyomda.hu\/index.php?rest_route=\/wp\/v2\/pages"}],"about":[{"href":"https:\/\/rectusnyomda.hu\/index.php?rest_route=\/wp\/v2\/types\/page"}],"author":[{"embeddable":true,"href":"https:\/\/rectusnyomda.hu\/index.php?rest_route=\/wp\/v2\/users\/1"}],"replies":[{"embeddable":true,"href":"https:\/\/rectusnyomda.hu\/index.php?rest_route=%2Fwp%2Fv2%2Fcomments&post=63"}],"version-history":[{"count":47,"href":"https:\/\/rectusnyomda.hu\/index.php?rest_route=\/wp\/v2\/pages\/63\/revisions"}],"predecessor-version":[{"id":556,"href":"https:\/\/rectusnyomda.hu\/index.php?rest_route=\/wp\/v2\/pages\/63\/revisions\/556"}],"wp:attachment":[{"href":"https:\/\/rectusnyomda.hu\/index.php?rest_route=%2Fwp%2Fv2%2Fmedia&parent=63"}],"curies":[{"name":"wp","href":"https:\/\/api.w.org\/{rel}","templated":true}]}}