{"id":66,"date":"2015-01-27T20:37:05","date_gmt":"2015-01-27T20:37:05","guid":{"rendered":"http:\/\/rectusnyomda.hu\/?page_id=66"},"modified":"2015-02-09T20:55:48","modified_gmt":"2015-02-09T20:55:48","slug":"technikai-hatter","status":"publish","type":"page","link":"https:\/\/rectusnyomda.hu\/?page_id=66","title":{"rendered":"Technikai h\u00e1tt\u00e9r"},"content":{"rendered":"<div    class=\"vc_row wpb_row section vc_row-fluid\" style='background-color:#262626; padding-top:50px; padding-bottom:50px; text-align:left;'><div class=\" full_section_inner clearfix\">\n\t<div class=\"vc_col-sm-12 wpb_column vc_column_container\">\n\t\t<div class=\"wpb_wrapper\">\n\t\t\t<div    class=\"vc_row wpb_row section vc_inner vc_row-fluid grid_section\" style=' text-align:left;'><div class=\" section_inner clearfix\"><div class='section_inner_margin clearfix'>\n\t<div class=\"vc_col-sm-12 wpb_column vc_column_container\">\n\t\t<div class=\"wpb_wrapper\">\n\t\t\t\n\t<div class=\"wpb_text_column wpb_content_element \">\n\t\t<div class=\"wpb_wrapper\">\n\t\t\t<h2 style=\"text-align: center;\"><span style=\"color: #ffffff;\">TECHNIKAI H\u00c1TT\u00c9R<\/span><\/h2>\n\n\t\t<\/div> \n\t<\/div> \n\t\t<\/div> \n\t<\/div> \n<\/div><\/div><\/div>\n\t\t<\/div> \n\t<\/div> \n<\/div><\/div><div    class=\"vc_row wpb_row section vc_row-fluid\" style=' text-align:left;'><div class=\" full_section_inner clearfix\">\n\t<div class=\"vc_col-sm-12 wpb_column vc_column_container\">\n\t\t<div class=\"wpb_wrapper\">\n\t\t\t<div class=\"vc_empty_space\"  style=\"height: 50px\" ><span class=\"vc_empty_space_inner\"><\/span><\/div>\n\n<span class=\"separator_with_icon\" style='color:#b2b2b2;'><i class=\"fa fa-chevron-down\"><\/i><\/span><div    class=\"vc_row wpb_row section vc_inner vc_row-fluid grid_section\" style=' padding-top:50px; padding-bottom:80px; text-align:center;'><div class=\" section_inner clearfix\"><div class='section_inner_margin clearfix'>\n\t<div class=\"vc_col-sm-12 wpb_column vc_column_container\">\n\t\t<div class=\"wpb_wrapper\">\n\t\t\t\n\t<div class=\"wpb_text_column wpb_content_element \">\n\t\t<div class=\"wpb_wrapper\">\n\t\t\t<h1 style=\"text-align: center;\"><span style=\"color: #000000;\">G\u00c9PPARKUNK<\/span><\/h1>\n\n\t\t<\/div> \n\t<\/div> <div class=\"vc_empty_space\"  style=\"height: 40px\" ><span class=\"vc_empty_space_inner\"><\/span><\/div>\n\n\n\t<div class=\"wpb_text_column wpb_content_element \">\n\t\t<div class=\"wpb_wrapper\">\n\t\t\t<h2><span style=\"color: #878787;\">G\u00e9ptermi kapacit\u00e1sunk gerinc\u00e9t kiz\u00e1r\u00f3lag<\/span> <span class='highlight' style='color: #000000; background-color:#dfdfdf;'>Heidelberg<\/span><span style=\"color: #878787;\">\u00a0t\u00edpus\u00fa<\/span><\/h2>\n<h2><span style=\"color: #878787;\">Speedmaster (4+0) \u00e9s Printmaster\u00a0 (2+0, 1+1) \u2013 \u00edves ofszetg\u00e9pek alkotj\u00e1k.<\/span><\/h2>\n\n\t\t<\/div> \n\t<\/div> \n\t\t<\/div> \n\t<\/div> \n<\/div><\/div><\/div>\n\t\t<\/div> \n\t<\/div> \n<\/div><\/div><div    class=\"vc_row wpb_row section vc_row-fluid\" style='background-color:#eaeaea; padding-top:20px; padding-bottom:20px; text-align:left;'><div class=\" full_section_inner clearfix\">\n\t<div class=\"vc_col-sm-12 wpb_column vc_column_container\">\n\t\t<div class=\"wpb_wrapper\">\n\t\t\t<div    class=\"vc_row wpb_row section vc_inner vc_row-fluid grid_section\" style=' text-align:left;'><div class=\" section_inner clearfix\"><div class='section_inner_margin clearfix'>\n\t<div class=\"vc_col-sm-6 wpb_column vc_column_container\">\n\t\t<div class=\"wpb_wrapper\">\n\t\t\t\n\t<div class=\"wpb_single_image wpb_content_element vc_align_center  element_from_bottom\">\n\t\t<div>\n\t\t<div class=\"wpb_wrapper\">\n\t\t\t\n\t\t\t<img loading=\"lazy\" decoding=\"async\" class=\" vc_box_border_grey \" src=\"https:\/\/rectusnyomda.hu\/wp-content\/uploads\/2015\/01\/heidelberg-speedmaster.png\" width=\"320\" height=\"80\" alt=\"heidelberg-speedmaster\" \/>\n\t\t<\/div> \n\t\t<\/div>\n\t<\/div> \n\t\t<\/div> \n\t<\/div> \n\n\t<div class=\"vc_col-sm-6 wpb_column vc_column_container\">\n\t\t<div class=\"wpb_wrapper\">\n\t\t\t\n\t<div class=\"wpb_single_image wpb_content_element vc_align_center  element_from_bottom\">\n\t\t<div>\n\t\t<div class=\"wpb_wrapper\">\n\t\t\t\n\t\t\t<img loading=\"lazy\" decoding=\"async\" class=\" vc_box_border_grey \" src=\"https:\/\/rectusnyomda.hu\/wp-content\/uploads\/2015\/01\/heidelberg-printmaster.png\" width=\"320\" height=\"80\" alt=\"heidelberg-printmaster\" \/>\n\t\t<\/div> \n\t\t<\/div>\n\t<\/div> \n\t\t<\/div> \n\t<\/div> \n<\/div><\/div><\/div>\n\t\t<\/div> \n\t<\/div> \n<\/div><\/div><section    data-speed=\"2\" class=\"parallax_section_holder  \" style = \" height:200px; background-image:url('https:\/\/rectusnyomda.hu\/wp-content\/uploads\/2015\/01\/heidelberg1051.jpg');\"><div class=\"parallax_content center\"><div class='parallax_section_inner_margin clearfix'>\n\t<div class=\"vc_col-sm-12 wpb_column vc_column_container\">\n\t\t<div class=\"wpb_wrapper\">\n\t\t\t\n\t\t<\/div> \n\t<\/div> \n<\/div><\/div><\/section><div    class=\"vc_row wpb_row section vc_row-fluid\" style=' padding-bottom:50px; text-align:left;'><div class=\" full_section_inner clearfix\">\n\t<div class=\"vc_col-sm-12 wpb_column vc_column_container\">\n\t\t<div class=\"wpb_wrapper\">\n\t\t\t<div    class=\"vc_row wpb_row section vc_inner vc_row-fluid grid_section\" style=' text-align:center;'><div class=\" section_inner clearfix\"><div class='section_inner_margin clearfix'>\n\t<div class=\"vc_col-sm-12 wpb_column vc_column_container\">\n\t\t<div class=\"wpb_wrapper\">\n\t\t\t<div class=\"vc_empty_space\"  style=\"height: 50px\" ><span class=\"vc_empty_space_inner\"><\/span><\/div>\n\n\n\t<div class=\"wpb_text_column wpb_content_element \">\n\t\t<div class=\"wpb_wrapper\">\n\t\t\t<p>Elhivatott \u00e9s felk\u00e9sz\u00fclt k\u00f6t\u00e9szeti szakembereink ir\u00e1ny\u00edt\u00e1sa mellett, modern k\u00f6t\u00e9szeti berendez\u00e9seink (Stahl, Polar, Horizon, Duplo), profi m\u00f3don szolg\u00e1lj\u00e1k ki g\u00e9ptermi kapacit\u00e1sunkat.<\/p>\n\n\t\t<\/div> \n\t<\/div> \n\t\t<\/div> \n\t<\/div> \n<\/div><\/div><\/div>\n\t\t<\/div> \n\t<\/div> \n<\/div><\/div><div    class=\"vc_row wpb_row section vc_row-fluid\" style=' text-align:left;'><div class=\" full_section_inner clearfix\">\n\t<div class=\"vc_col-sm-12 wpb_column vc_column_container\">\n\t\t<div class=\"wpb_wrapper\">\n\t\t\t<span class=\"separator_with_icon\" style='color:#b2b2b2;'><i class=\"fa fa-chevron-down\"><\/i><\/span><div class=\"vc_empty_space\"  style=\"height: 40px\" ><span class=\"vc_empty_space_inner\"><\/span><\/div>\n\n\n\t<div class=\"wpb_text_column wpb_content_element \">\n\t\t<div class=\"wpb_wrapper\">\n\t\t\t<h1 style=\"text-align: center;\"><span style=\"color: #000000;\"><strong>MIN\u0150S\u00c9G\u00a0&#8211; \u00c9S\u00a0K\u00d6RNYEZETPOLITIKA<\/strong><\/span><\/h1>\n\n\t\t<\/div> \n\t<\/div> <div class=\"vc_empty_space\"  style=\"height: 40px\" ><span class=\"vc_empty_space_inner\"><\/span><\/div>\n\n<div    class=\"vc_row wpb_row section vc_inner vc_row-fluid grid_section\" style=' padding-bottom:100px; text-align:left;'><div class=\" section_inner clearfix\"><div class='section_inner_margin clearfix'>\n\t<div class=\"vc_col-sm-12 wpb_column vc_column_container\">\n\t\t<div class=\"wpb_wrapper\">\n\t\t\t\n\t<div class=\"wpb_text_column wpb_content_element \">\n\t\t<div class=\"wpb_wrapper\">\n\t\t\t<p>A Rectus Nyomda kiemelt feladatk\u00e9nt kezeli az \u00e1ltalunk gy\u00e1rtott nyom-daterm\u00e9kek sz\u00ednvonal\u00e1nak folyamatos ellen\u0151rz\u00e9s\u00e9t \u00e9s egyenletes, magas szinten tart\u00e1s\u00e1t, tov\u00e1bb\u00e1 kiemelt figyelmet ford\u00edt a k\u00f6rnyezettudatos m\u0171k\u00f6d\u00e9sre. Ezen c\u00e9lok \u00e9rdek\u00e9ben vezette be t\u00e1rsas\u00e1gunk 2007-ben az ISO 9001:2001 min\u0151s\u00e9g\u00fcgyi rendszert. Term\u00e9keink mindenben megfelelnek az ipar\u00e1gban elfogadott legmagasabb min\u0151s\u00e9gi k\u00f6vetelm\u00e9nyeknek.<\/p>\n\n\t\t<\/div> \n\t<\/div> \n\t\t<\/div> \n\t<\/div> \n<\/div><\/div><\/div>\n\t\t<\/div> \n\t<\/div> \n<\/div><\/div>\n","protected":false},"excerpt":{"rendered":"TECHNIKAI H\u00c1TT\u00c9R G\u00c9PPARKUNK G\u00e9ptermi kapacit\u00e1sunk gerinc\u00e9t kiz\u00e1r\u00f3lag Heidelberg\u00a0t\u00edpus\u00fa Speedmaster (4+0) \u00e9s Printmaster\u00a0 (2+0, 1+1) \u2013 \u00edves ofszetg\u00e9pek alkotj\u00e1k. Elhivatott \u00e9s felk\u00e9sz\u00fclt k\u00f6t\u00e9szeti szakembereink ir\u00e1ny\u00edt\u00e1sa mellett, modern k\u00f6t\u00e9szeti berendez\u00e9seink (Stahl, Polar, Horizon, Duplo), profi m\u00f3don szolg\u00e1lj\u00e1k ki g\u00e9ptermi kapacit\u00e1sunkat. MIN\u0150S\u00c9G\u00a0- \u00c9S\u00a0K\u00d6RNYEZETPOLITIKA A Rectus Nyomda kiemelt feladatk\u00e9nt...","protected":false},"author":1,"featured_media":0,"parent":0,"menu_order":0,"comment_status":"open","ping_status":"open","template":"full_width.php","meta":{"footnotes":""},"class_list":["post-66","page","type-page","status-publish","hentry"],"_links":{"self":[{"href":"https:\/\/rectusnyomda.hu\/index.php?rest_route=\/wp\/v2\/pages\/66","targetHints":{"allow":["GET"]}}],"collection":[{"href":"https:\/\/rectusnyomda.hu\/index.php?rest_route=\/wp\/v2\/pages"}],"about":[{"href":"https:\/\/rectusnyomda.hu\/index.php?rest_route=\/wp\/v2\/types\/page"}],"author":[{"embeddable":true,"href":"https:\/\/rectusnyomda.hu\/index.php?rest_route=\/wp\/v2\/users\/1"}],"replies":[{"embeddable":true,"href":"https:\/\/rectusnyomda.hu\/index.php?rest_route=%2Fwp%2Fv2%2Fcomments&post=66"}],"version-history":[{"count":60,"href":"https:\/\/rectusnyomda.hu\/index.php?rest_route=\/wp\/v2\/pages\/66\/revisions"}],"predecessor-version":[{"id":496,"href":"https:\/\/rectusnyomda.hu\/index.php?rest_route=\/wp\/v2\/pages\/66\/revisions\/496"}],"wp:attachment":[{"href":"https:\/\/rectusnyomda.hu\/index.php?rest_route=%2Fwp%2Fv2%2Fmedia&parent=66"}],"curies":[{"name":"wp","href":"https:\/\/api.w.org\/{rel}","templated":true}]}}