{"id":68,"date":"2015-01-27T20:37:19","date_gmt":"2015-01-27T20:37:19","guid":{"rendered":"http:\/\/rectusnyomda.hu\/?page_id=68"},"modified":"2015-02-14T18:30:04","modified_gmt":"2015-02-14T18:30:04","slug":"partnereink","status":"publish","type":"page","link":"https:\/\/rectusnyomda.hu\/?page_id=68","title":{"rendered":"Partnereink"},"content":{"rendered":"<div    class=\"vc_row wpb_row section vc_row-fluid grid_section\" style='background-color:#262626; padding-top:50px; padding-bottom:50px; text-align:left;'><div class=\" section_inner clearfix\"><div class='section_inner_margin clearfix'>\n\t<div class=\"vc_col-sm-12 wpb_column vc_column_container\">\n\t\t<div class=\"wpb_wrapper\">\n\t\t\t<div    class=\"vc_row wpb_row section vc_inner vc_row-fluid\" style=' text-align:left;'><div class=\" full_section_inner clearfix\">\n\t<div class=\"vc_col-sm-12 wpb_column vc_column_container\">\n\t\t<div class=\"wpb_wrapper\">\n\t\t\t\n\t<div class=\"wpb_text_column wpb_content_element \">\n\t\t<div class=\"wpb_wrapper\">\n\t\t\t<h2 style=\"text-align: center;\"><span style=\"color: #ffffff;\">PARTNEREINK<\/span><\/h2>\n\n\t\t<\/div> \n\t<\/div> \n\t\t<\/div> \n\t<\/div> \n<\/div><\/div>\n\t\t<\/div> \n\t<\/div> \n<\/div><\/div><\/div><div    class=\"vc_row wpb_row section vc_row-fluid\" style=' text-align:left;'><div class=\" full_section_inner clearfix\">\n\t<div class=\"vc_col-sm-12 wpb_column vc_column_container\">\n\t\t<div class=\"wpb_wrapper\">\n\t\t\t<div class=\"vc_empty_space\"  style=\"height: 50px\" ><span class=\"vc_empty_space_inner\"><\/span><\/div>\n\n\n\t\t<\/div> \n\t<\/div> \n<\/div><\/div><div    class=\"vc_row wpb_row section vc_row-fluid grid_section\" style=' padding-bottom:50px; text-align:left;'><div class=\" section_inner clearfix\"><div class='section_inner_margin clearfix'>\n\t<div class=\"vc_col-sm-12 wpb_column vc_column_container\">\n\t\t<div class=\"wpb_wrapper\">\n\t\t\t<div    class=\"vc_row wpb_row section vc_inner vc_row-fluid\" style=' text-align:left;'><div class=\" full_section_inner clearfix\">\n\t<div class=\"vc_col-sm-3 wpb_column vc_column_container\">\n\t\t<div class=\"wpb_wrapper\">\n\t\t\t<div class='image_hover hovered' style='' data-transition-delay=''><div class='images_holder'><img class='active_image ' src='https:\/\/rectusnyomda.hu\/wp-content\/uploads\/2015\/01\/DAP_1.png' alt='' style='' \/><img class='hover_image' src='https:\/\/rectusnyomda.hu\/wp-content\/uploads\/2015\/01\/DAP_2.png' alt='' style='' \/><\/div><\/div>\n\t\t<\/div> \n\t<\/div> \n\n\t<div class=\"vc_col-sm-3 wpb_column vc_column_container\">\n\t\t<div class=\"wpb_wrapper\">\n\t\t\t<div class='image_hover hovered' style='' data-transition-delay=''><div class='images_holder'><img class='active_image ' src='https:\/\/rectusnyomda.hu\/wp-content\/uploads\/2015\/01\/vileda_1.png' alt='' style='' \/><img class='hover_image' src='https:\/\/rectusnyomda.hu\/wp-content\/uploads\/2015\/01\/vileda_2.png' alt='' style='' \/><\/div><\/div>\n\t\t<\/div> \n\t<\/div> \n\n\t<div class=\"vc_col-sm-3 wpb_column vc_column_container\">\n\t\t<div class=\"wpb_wrapper\">\n\t\t\t<div class='image_hover hovered' style='' data-transition-delay=''><div class='images_holder'><img class='active_image ' src='https:\/\/rectusnyomda.hu\/wp-content\/uploads\/2015\/01\/trigrait_1.png' alt='' style='' \/><img class='hover_image' src='https:\/\/rectusnyomda.hu\/wp-content\/uploads\/2015\/01\/trigrait_2.png' alt='' style='' \/><\/div><\/div>\n\t\t<\/div> \n\t<\/div> \n\n\t<div class=\"vc_col-sm-3 wpb_column vc_column_container\">\n\t\t<div class=\"wpb_wrapper\">\n\t\t\t<div class='image_hover hovered' style='' data-transition-delay=''><div class='images_holder'><img class='active_image ' src='https:\/\/rectusnyomda.hu\/wp-content\/uploads\/2015\/01\/captain_1.png' alt='' style='' \/><img class='hover_image' src='https:\/\/rectusnyomda.hu\/wp-content\/uploads\/2015\/01\/captain_2.png' alt='' style='' \/><\/div><\/div>\n\t\t<\/div> \n\t<\/div> \n<\/div><\/div><div    class=\"vc_row wpb_row section vc_inner vc_row-fluid\" style=' text-align:left;'><div class=\" full_section_inner clearfix\">\n\t<div class=\"vc_col-sm-3 wpb_column vc_column_container\">\n\t\t<div class=\"wpb_wrapper\">\n\t\t\t<div class='image_hover hovered' style='' data-transition-delay=''><div class='images_holder'><img class='active_image ' src='https:\/\/rectusnyomda.hu\/wp-content\/uploads\/2015\/01\/baalbek_1.png' alt='' style='' \/><img class='hover_image' src='https:\/\/rectusnyomda.hu\/wp-content\/uploads\/2015\/01\/baalbek_2.png' alt='' style='' \/><\/div><\/div>\n\t\t<\/div> \n\t<\/div> \n\n\t<div class=\"vc_col-sm-3 wpb_column vc_column_container\">\n\t\t<div class=\"wpb_wrapper\">\n\t\t\t<div class='image_hover hovered' style='' data-transition-delay=''><div class='images_holder'><img class='active_image ' src='https:\/\/rectusnyomda.hu\/wp-content\/uploads\/2015\/01\/dension_1.png' alt='' style='' \/><img class='hover_image' src='https:\/\/rectusnyomda.hu\/wp-content\/uploads\/2015\/01\/dension_2.png' alt='' style='' \/><\/div><\/div>\n\t\t<\/div> \n\t<\/div> \n\n\t<div class=\"vc_col-sm-3 wpb_column vc_column_container\">\n\t\t<div class=\"wpb_wrapper\">\n\t\t\t<div class='image_hover hovered' style='' data-transition-delay=''><div class='images_holder'><img class='active_image ' src='https:\/\/rectusnyomda.hu\/wp-content\/uploads\/2015\/01\/magyarnemzet_1.png' alt='' style='' \/><img class='hover_image' src='https:\/\/rectusnyomda.hu\/wp-content\/uploads\/2015\/01\/magyarnemzet_2.png' alt='' style='' \/><\/div><\/div>\n\t\t<\/div> \n\t<\/div> \n\n\t<div class=\"vc_col-sm-3 wpb_column vc_column_container\">\n\t\t<div class=\"wpb_wrapper\">\n\t\t\t<div class='image_hover hovered' style='' data-transition-delay=''><div class='images_holder'><img class='active_image ' src='https:\/\/rectusnyomda.hu\/wp-content\/uploads\/2015\/01\/wristland_1.png' alt='' style='' \/><img class='hover_image' src='https:\/\/rectusnyomda.hu\/wp-content\/uploads\/2015\/01\/wristland_0.png' alt='' style='' \/><\/div><\/div>\n\t\t<\/div> \n\t<\/div> \n<\/div><\/div><div    class=\"vc_row wpb_row section vc_inner vc_row-fluid\" style=' text-align:left;'><div class=\" full_section_inner clearfix\">\n\t<div class=\"vc_col-sm-3 wpb_column vc_column_container\">\n\t\t<div class=\"wpb_wrapper\">\n\t\t\t<div class='image_hover hovered' style='' data-transition-delay=''><div class='images_holder'><img class='active_image ' src='https:\/\/rectusnyomda.hu\/wp-content\/uploads\/2015\/01\/morgan-stanley_1.png' alt='' style='' \/><img class='hover_image' src='https:\/\/rectusnyomda.hu\/wp-content\/uploads\/2015\/01\/morgan-stanley_2.png' alt='' style='' \/><\/div><\/div>\n\t\t<\/div> \n\t<\/div> \n\n\t<div class=\"vc_col-sm-3 wpb_column vc_column_container\">\n\t\t<div class=\"wpb_wrapper\">\n\t\t\t<div class='image_hover hovered' style='' data-transition-delay=''><div class='images_holder'><img class='active_image ' src='https:\/\/rectusnyomda.hu\/wp-content\/uploads\/2015\/01\/energizer_1.png' alt='' style='' \/><img class='hover_image' src='https:\/\/rectusnyomda.hu\/wp-content\/uploads\/2015\/01\/energizer_2.png' alt='' style='' \/><\/div><\/div>\n\t\t<\/div> \n\t<\/div> \n\n\t<div class=\"vc_col-sm-3 wpb_column vc_column_container\">\n\t\t<div class=\"wpb_wrapper\">\n\t\t\t<div class='image_hover hovered' style='' data-transition-delay=''><div class='images_holder'><img class='active_image ' src='https:\/\/rectusnyomda.hu\/wp-content\/uploads\/2015\/01\/dm_1.png' alt='' style='' \/><img class='hover_image' src='https:\/\/rectusnyomda.hu\/wp-content\/uploads\/2015\/01\/dm_2.png' alt='' style='' \/><\/div><\/div>\n\t\t<\/div> \n\t<\/div> \n\n\t<div class=\"vc_col-sm-3 wpb_column vc_column_container\">\n\t\t<div class=\"wpb_wrapper\">\n\t\t\t<div class='image_hover hovered' style='' data-transition-delay=''><div class='images_holder'><img class='active_image ' src='https:\/\/rectusnyomda.hu\/wp-content\/uploads\/2015\/01\/leroy-cafe_1.png' alt='' style='' \/><img class='hover_image' src='https:\/\/rectusnyomda.hu\/wp-content\/uploads\/2015\/01\/leroy-cafe_2.png' alt='' style='' \/><\/div><\/div>\n\t\t<\/div> \n\t<\/div> \n<\/div><\/div>\n\t\t<\/div> \n\t<\/div> \n<\/div><\/div><\/div><div    class=\"vc_row wpb_row section vc_row-fluid grid_section\" style='background-color:#d1d1d1; padding-top:40px; padding-bottom:40px; text-align:left;'><div class=\" section_inner clearfix\"><div class='section_inner_margin clearfix'>\n\t<div class=\"vc_col-sm-12 wpb_column vc_column_container\">\n\t\t<div class=\"wpb_wrapper\">\n\t\t\t<div    class=\"vc_row wpb_row section vc_inner vc_row-fluid\" style=' text-align:left;'><div class=\" full_section_inner clearfix\">\n\t<div class=\"vc_col-sm-8 wpb_column vc_column_container\">\n\t\t<div class=\"wpb_wrapper\">\n\t\t\t\n\t<div class=\"wpb_text_column wpb_content_element \">\n\t\t<div class=\"wpb_wrapper\">\n\t\t\t<h3>Amennyiben szeretne \u00d6n is partner\u00fcnk lenni k\u00e9rj\u00fck vegye fel vel\u00fcnk a kapcsolatot !<\/h3>\n\n\t\t<\/div> \n\t<\/div> \n\t\t<\/div> \n\t<\/div> \n\n\t<div class=\"vc_col-sm-4 wpb_column vc_column_container\">\n\t\t<div class=\"wpb_wrapper\">\n\t\t\t<a href=\"http:\/\/rectusnyomda.hu\/?page_id=74\" target=\"_self\"  class=\"qbutton  medium\" style=\"border-radius: 4px;-moz-border-radius: 4px;-webkit-border-radius: 4px; \">kapcsolat<i class=\"fa fa-envelope\" style=\"\"><\/i><\/a>\n\t\t<\/div> \n\t<\/div> \n<\/div><\/div>\n\t\t<\/div> \n\t<\/div> \n<\/div><\/div><\/div>\n","protected":false},"excerpt":{"rendered":"PARTNEREINK Amennyiben szeretne \u00d6n is partner\u00fcnk lenni k\u00e9rj\u00fck vegye fel vel\u00fcnk a kapcsolatot ! kapcsolat","protected":false},"author":1,"featured_media":0,"parent":0,"menu_order":0,"comment_status":"open","ping_status":"open","template":"full_width.php","meta":{"footnotes":""},"class_list":["post-68","page","type-page","status-publish","hentry"],"_links":{"self":[{"href":"https:\/\/rectusnyomda.hu\/index.php?rest_route=\/wp\/v2\/pages\/68","targetHints":{"allow":["GET"]}}],"collection":[{"href":"https:\/\/rectusnyomda.hu\/index.php?rest_route=\/wp\/v2\/pages"}],"about":[{"href":"https:\/\/rectusnyomda.hu\/index.php?rest_route=\/wp\/v2\/types\/page"}],"author":[{"embeddable":true,"href":"https:\/\/rectusnyomda.hu\/index.php?rest_route=\/wp\/v2\/users\/1"}],"replies":[{"embeddable":true,"href":"https:\/\/rectusnyomda.hu\/index.php?rest_route=%2Fwp%2Fv2%2Fcomments&post=68"}],"version-history":[{"count":31,"href":"https:\/\/rectusnyomda.hu\/index.php?rest_route=\/wp\/v2\/pages\/68\/revisions"}],"predecessor-version":[{"id":549,"href":"https:\/\/rectusnyomda.hu\/index.php?rest_route=\/wp\/v2\/pages\/68\/revisions\/549"}],"wp:attachment":[{"href":"https:\/\/rectusnyomda.hu\/index.php?rest_route=%2Fwp%2Fv2%2Fmedia&parent=68"}],"curies":[{"name":"wp","href":"https:\/\/api.w.org\/{rel}","templated":true}]}}